{"id":105,"date":"2018-08-08T15:05:18","date_gmt":"2018-08-08T13:05:18","guid":{"rendered":"http:\/\/gau-jura.de\/?page_id=105"},"modified":"2021-09-12T22:40:08","modified_gmt":"2021-09-12T20:40:08","slug":"gaumeisterschaften","status":"publish","type":"page","link":"https:\/\/gau-jura.de\/?page_id=105","title":{"rendered":"Gaumeisterschaften"},"content":{"rendered":"\n<h4 class=\"wp-block-heading\"><a href=\"https:\/\/gm-shooting.de\/\" target=\"_blank\" rel=\"noreferrer noopener\">Meldung zur Gaumeisterschaft<\/a><\/h4>\n\n\n\n<h4 class=\"wp-block-heading\"><a href=\"https:\/\/www.gm-shooting.de\/drucken\/index_login.php\" target=\"_blank\" rel=\"noreferrer noopener\">Ergebnisse der Gaumeisterschaften (ab GM 2018)<\/a><\/h4>\n\n\n\n<hr class=\"wp-block-separator\"\/>\n\n\n\n<div class=\"wp-block-group is-layout-flow wp-block-group-is-layout-flow\"><div class=\"wp-block-group__inner-container\">\n<div class=\"wp-block-group is-layout-flow wp-block-group-is-layout-flow\"><div class=\"wp-block-group__inner-container\"><ul class=\"wp-block-latest-posts__list has-dates has-author wp-block-latest-posts\"><li><a class=\"wp-block-latest-posts__post-title\" href=\"https:\/\/gau-jura.de\/?p=3814\">Ausschreibung Bezirksmeisterschaft 2026 Feldbogen<\/a><div class=\"wp-block-latest-posts__post-author\">von Thomas Ferstl<\/div><time datetime=\"2026-03-21T18:16:02+01:00\" class=\"wp-block-latest-posts__post-date\">21. M\u00e4rz 2026<\/time><div class=\"wp-block-latest-posts__post-excerpt\">Hallo Zusammen, im Anhang die Bezirksausschreibung f\u00fcr Bogen- Feld. Bitte die Ausschreibung an die Interessierten Vereine und Sch\u00fctzen weiterleiten. Danke<\/div><\/li>\n<li><a class=\"wp-block-latest-posts__post-title\" href=\"https:\/\/gau-jura.de\/?p=3660\">40. Landkreismeisterschaften der Sch\u00fctzen<\/a><div class=\"wp-block-latest-posts__post-author\">von Thomas Ferstl<\/div><time datetime=\"2025-09-26T23:36:50+02:00\" class=\"wp-block-latest-posts__post-date\">26. September 2025<\/time><div class=\"wp-block-latest-posts__post-excerpt\">Am vergangenen Montag, 22. September 2025, starteten in der Mehrzweckhalle Zeitlarn mit dem Er\u00f6ffnungsschie\u00dfen die 40. Landkreismeisterschaften im Luftgewehr- und Luftpistolenschie\u00dfen, heuer erstmals auch mit Lichtgewehr-Wettbewerben. Landr\u00e4tin Tanja Schweiger hat, wie in den Jahren zuvor, die Schirmherrschaft \u00fcbernommen und konnte zum Jubil\u00e4umser\u00f6ffnungsschie\u00dfen zahlreiche Kommunalpolitikerinnen und -politiker des Landkreises sowie Sch\u00fctzenmeisterinnen und Sch\u00fctzenmeister der Region begr\u00fc\u00dfen.<\/div><\/li>\n<li><a class=\"wp-block-latest-posts__post-title\" href=\"https:\/\/gau-jura.de\/?p=3610\">Gaumeisterschaft Blasrohr 19.10.<\/a><div class=\"wp-block-latest-posts__post-author\">von Thomas Ferstl<\/div><time datetime=\"2025-09-11T23:40:43+02:00\" class=\"wp-block-latest-posts__post-date\">11. September 2025<\/time><div class=\"wp-block-latest-posts__post-excerpt\">Liebe Blasrohr Sportfreunde Am Sonntag 19.10. findet die diesj\u00e4hrige Gaumeisterschaft Blasrohr statt &#8211; wie angek\u00fcndigt, bereits fr\u00fcher als sonst, da der Kalender umgestellt wurde. Die Anmeldung erfolgt per gm-shooting (wie bei allen Gaumeisterschaften). Anmeldeschluss ist bereits am 26.09. Wir freuen uns auf euch &#x1f60a;&#x1f3af;<\/div><\/li>\n<li><a class=\"wp-block-latest-posts__post-title\" href=\"https:\/\/gau-jura.de\/?p=3548\">Startliste Bayerische Meisterschaft 2025<\/a><div class=\"wp-block-latest-posts__post-author\">von Harald Bauer<\/div><time datetime=\"2025-06-06T20:47:31+02:00\" class=\"wp-block-latest-posts__post-date\">6. Juni 2025<\/time><div class=\"wp-block-latest-posts__post-excerpt\">Die Gesamtstartliste der Bayerischen Meisterschaften 2025 stehen zur Verf\u00fcgung. Update 08.06.2025: Startkarten Stehen nun auch zur Verf\u00fcgung!<\/div><\/li>\n<li><a class=\"wp-block-latest-posts__post-title\" href=\"https:\/\/gau-jura.de\/?p=3455\">Bayerische Meisterschaft Lichtschie\u00dfen 2025<\/a><div class=\"wp-block-latest-posts__post-author\">von Thomas Ferstl<\/div><time datetime=\"2025-04-17T12:23:40+02:00\" class=\"wp-block-latest-posts__post-date\">17. April 2025<\/time><div class=\"wp-block-latest-posts__post-excerpt\">https:\/\/lichtmeisterschaft.de<\/div><\/li>\n<li><a class=\"wp-block-latest-posts__post-title\" href=\"https:\/\/gau-jura.de\/?p=3163\">Infos zur GM 2025<\/a><div class=\"wp-block-latest-posts__post-author\">von Thomas Ferstl<\/div><time datetime=\"2024-08-30T09:15:31+02:00\" class=\"wp-block-latest-posts__post-date\">30. August 2024<\/time><div class=\"wp-block-latest-posts__post-excerpt\">Liebe Sch\u00fctzenschwestern,Liebe Sch\u00fctzenbr\u00fcder, Meledezeitr\u00e4ume:&#8211; Scharfe Waffen: 28.08.-22.09.&#8211; ZiSt. 01.10.-31.10.&#8211; Luftdruck 01.11.-15.12. Schie\u00dftermine:&#8211; 12.\/13.10. B\u00fcgerl, GK\/Vorderlader&#8211; 20.10. Oberweiling, KK&#8211; 17.11. Seubersdorf, ZiSt&#8211; 18.01. Hemau, Lichtgewehr&#8211; 19.01. Oberweiimg, LG&#8211; 25.01. Hemau, LP&#8211; 26.01. Gro\u00dfalfalterbach, LG LP Jugend Mit freundlichen Sch\u00fctzengru\u00dfSch\u00fctzengau JURAHarald Bauer1. Gausportleiter Diese E-Mail wurde aus dem GM-Shooting verschickt. (www.gm-shooting.de)<\/div><\/li>\n<li><a class=\"wp-block-latest-posts__post-title\" href=\"https:\/\/gau-jura.de\/?p=3074\">Aktuelle Infos zur Bayerischen Meisterschaft<\/a><div class=\"wp-block-latest-posts__post-author\">von Harald Bauer<\/div><time datetime=\"2024-06-02T17:55:00+02:00\" class=\"wp-block-latest-posts__post-date\">2. Juni 2024<\/time><div class=\"wp-block-latest-posts__post-excerpt\">Unter folgendem Link sind aktuelle Infos (Limits, Startlisten, Startkarten) zur Bayerischen Meisterschaften 2024 zu finden. Diese werden regelm\u00e4\u00dfig aktualisiert. Update 05.06.2024, 10 Uhr:Gesamtlimitliste der Bayerischen Meisterschaft 2024 steht online! Update 08.06.2024, 18:00 Uhr:Die Gesamtstartliste und alle Startkarten f\u00fcr die komplette Bayerische Meisterschaft (bis einschlie\u00dflich 07.07.2024) stehen online!<\/div><\/li>\n<li><a class=\"wp-block-latest-posts__post-title\" href=\"https:\/\/gau-jura.de\/?p=3042\">Einladung Ausbildung zur qualifizierten Schie\u00dfstandaufsicht 2024<\/a><div class=\"wp-block-latest-posts__post-author\">von Thomas Ferstl<\/div><time datetime=\"2024-04-16T18:49:42+02:00\" class=\"wp-block-latest-posts__post-date\">16. April 2024<\/time><div class=\"wp-block-latest-posts__post-excerpt\">Liebe Sch\u00fctzenschwestern und Sch\u00fctzenbr\u00fcder, in der Anlage findet ihr die Einladung f\u00fcr den Lehrgang zur qualifizierten Standaufsicht. Mit sportlichem Gru\u00df Franz K\u00e4ufl Ausbildung QSA 0151\/19180533 Am Buchberg 9 92331 Parsberg<\/div><\/li>\n<li><a class=\"wp-block-latest-posts__post-title\" href=\"https:\/\/gau-jura.de\/?p=2887\">Gaumeisterschaft Blasrohrschie\u00dfen 2024<\/a><div class=\"wp-block-latest-posts__post-author\">von Thomas Ferstl<\/div><time datetime=\"2023-11-14T16:57:49+01:00\" class=\"wp-block-latest-posts__post-date\">14. November 2023<\/time><div class=\"wp-block-latest-posts__post-excerpt\">Die Ausschreibung der Gaumeisterschaft Blasrohrschie\u00dfen im Sch\u00fctzengau Jura.<\/div><\/li>\n<li><a class=\"wp-block-latest-posts__post-title\" href=\"https:\/\/gau-jura.de\/?p=2882\">Meldetermine Gaumeisterschaft 2024<\/a><div class=\"wp-block-latest-posts__post-author\">von Thomas Ferstl<\/div><time datetime=\"2023-11-13T19:11:10+01:00\" class=\"wp-block-latest-posts__post-date\">13. November 2023<\/time><div class=\"wp-block-latest-posts__post-excerpt\">An den Datum in den Klammern sind die Meldetermine f\u00fcr Gaumeisterschaft ersichtlich. (im Gm-shooting)<\/div><\/li>\n<li><a class=\"wp-block-latest-posts__post-title\" href=\"https:\/\/gau-jura.de\/?p=2741\">Infos zur Deutschen Meisterschaft<\/a><div class=\"wp-block-latest-posts__post-author\">von Harald Bauer<\/div><time datetime=\"2023-07-27T21:08:06+02:00\" class=\"wp-block-latest-posts__post-date\">27. Juli 2023<\/time><div class=\"wp-block-latest-posts__post-excerpt\">Aktuelle Infos rund um die Deutsche Meisterschaft, inkl. Limitzahlen und Startlisten gibt es hier:<\/div><\/li>\n<li><a class=\"wp-block-latest-posts__post-title\" href=\"https:\/\/gau-jura.de\/?p=2653\">Startliste Bayerische Meisterschaft online<\/a><div class=\"wp-block-latest-posts__post-author\">von Harald Bauer<\/div><time datetime=\"2023-06-01T21:40:58+02:00\" class=\"wp-block-latest-posts__post-date\">1. Juni 2023<\/time><div class=\"wp-block-latest-posts__post-excerpt\">Die Startlisten f\u00fcr die Bayerische Meisterschaften sind online. Die Startkarten folgen in den n\u00e4chsten Tagen. Update: Die Startkarten wurde heute an die im GM-Melder hinterlegten Personen versendet.<\/div><\/li>\n<li><a class=\"wp-block-latest-posts__post-title\" href=\"https:\/\/gau-jura.de\/?p=2642\">Limitzahlen zur Bayerischen Meisterschaft<\/a><div class=\"wp-block-latest-posts__post-author\">von Harald Bauer<\/div><time datetime=\"2023-05-28T20:29:23+02:00\" class=\"wp-block-latest-posts__post-date\">28. Mai 2023<\/time><div class=\"wp-block-latest-posts__post-excerpt\">Die Limitzahlen zur Bayerischen Meisterschaft stehen zur Verf\u00fcgung.<\/div><\/li>\n<li><a class=\"wp-block-latest-posts__post-title\" href=\"https:\/\/gau-jura.de\/?p=2612\">Bezirksmeisterschaften 2023<\/a><div class=\"wp-block-latest-posts__post-author\">von Harald Bauer<\/div><time datetime=\"2023-05-07T09:52:11+02:00\" class=\"wp-block-latest-posts__post-date\">7. Mai 2023<\/time><div class=\"wp-block-latest-posts__post-excerpt\">Aktuell laufen die Bezirksmeisterschaften 2023. Ergebnisse k\u00f6nnen im \u00d6ffentlichen Login des GM Melder unter Sch\u00fctzenbezirk: 600000 Bezirk Oberpfalz eingesehen werden.<\/div><\/li>\n<li><a class=\"wp-block-latest-posts__post-title\" href=\"https:\/\/gau-jura.de\/?p=2484\">Bezirksmeisterschaft 2023<\/a><div class=\"wp-block-latest-posts__post-author\">von Thomas Ferstl<\/div><time datetime=\"2023-03-19T10:08:31+01:00\" class=\"wp-block-latest-posts__post-date\">19. M\u00e4rz 2023<\/time><div class=\"wp-block-latest-posts__post-excerpt\">Hallo zusammen, nach dem schon einige nachfragen bei uns eingegangen sind m\u00f6chten wir noch einmal darauf hinweisen das ein Start bei der Bezirksmeisterschaft mit einer Abgelaufen Kartusche in den Disziplinen Luftgewehr und Luftpistole nicht erfolgen kann. Die Verwendung einer Abgelaufen Kartusche ist laut Sportordnung nicht zul\u00e4ssig. Diese Info wurde auch auf den Startkarten abgedruckt.Wir m\u00f6chten<\/div><\/li>\n<li><a class=\"wp-block-latest-posts__post-title\" href=\"https:\/\/gau-jura.de\/?p=2378\">Einladung Er\u00f6ffnung Talentf\u00f6rderzentrum Regensburg 2023<\/a><div class=\"wp-block-latest-posts__post-author\">von Thomas Ferstl<\/div><time datetime=\"2023-02-16T19:09:10+01:00\" class=\"wp-block-latest-posts__post-date\">16. Februar 2023<\/time><div class=\"wp-block-latest-posts__post-excerpt\">Sehr geehrte Damen und Herren, die Nachwuchsarbeit und die F\u00f6rderung junger Talente ist ein wesentlicher Baustein in der Arbeit des BSSB. Wir freuen uns deshalb sehr, dass in diesem Fr\u00fchjahr nun ein weiteres Talentf\u00f6rderzentrum des BSSB er\u00f6ffnet wird. Das Talentf\u00f6rderzentrum f\u00fcr junge Luft- und Lichtpistolensch\u00fctzinnen und -sch\u00fctzen befindet sich bei der Kgl. priv. Hauptsch\u00fctzengesellschaft&nbsp;Regensburg. Unser<\/div><\/li>\n<li><a class=\"wp-block-latest-posts__post-title\" href=\"https:\/\/gau-jura.de\/?p=2211\">Gaumeisterschaft 2023<\/a><div class=\"wp-block-latest-posts__post-author\">von Thomas Ferstl<\/div><time datetime=\"2022-11-20T20:14:35+01:00\" class=\"wp-block-latest-posts__post-date\">20. November 2022<\/time><div class=\"wp-block-latest-posts__post-excerpt\">die Termine der Gaumeisterschaft 2023 stehen im Gaumelder zur Verf\u00fcgung. (www.gm-shooting.de)Je nach Anzahl der Anmeldungen k\u00f6nnen sich einzelne Disziplinen noch verschieben! Folgende Meldezeitr\u00e4ume sind freigeschaltet:\u2013 Scharfe Waffen: 09.09. \u2013 30.09.\u2013 ZiSt.: 03.10. \u2013 31.10.\u2013 Luftwaffen: 01.11. \u2013 09.12. F\u00fcr den Termin am 16.10.2022 in Oberweiling werden noch Mitarbeiter f\u00fcr den Bereich Auswertung gesucht! Interessierte Personen<\/div><\/li>\n<li><a class=\"wp-block-latest-posts__post-title\" href=\"https:\/\/gau-jura.de\/?p=2145\">Infos von der Sch\u00fctzenm. &#038; Sportl. Sitzung 09.09.22<\/a><div class=\"wp-block-latest-posts__post-author\">von Thomas Ferstl<\/div><time datetime=\"2022-09-10T15:35:13+02:00\" class=\"wp-block-latest-posts__post-date\">10. September 2022<\/time><div class=\"wp-block-latest-posts__post-excerpt\">Gaumeisterschaft 2023 RWK 2022\/23 Infos \/ Ma\u00dfnahmen Gau-Jugend Infos \/ Ma\u00dfnahmen Gau-Damen Infos \/ Ma\u00dfnahmen Senioren Infos Ehrungen Schulungen\/Ausbildungen Preisverleihung\/Gauk\u00f6nigsproklamation in Gro\u00dfalfalterbach 17.09.22 Blasrohrschie\u00dfen<\/div><\/li>\n<li><a class=\"wp-block-latest-posts__post-title\" href=\"https:\/\/gau-jura.de\/?p=2119\">Landkreismeisterschaft Regensburg<\/a><div class=\"wp-block-latest-posts__post-author\">von Harald Bauer<\/div><time datetime=\"2022-09-01T22:48:06+02:00\" class=\"wp-block-latest-posts__post-date\">1. September 2022<\/time><div class=\"wp-block-latest-posts__post-excerpt\">Vom 15.09. &#8211; 24.09.2022 findet auf dem Gaustand des Donaugaues in H\u00f6henhof die Landkreismeisterschaften des Landkreises Regensburg statt. Parallel findet ein Spendenschie\u00dfen statt.<\/div><\/li>\n<li><a class=\"wp-block-latest-posts__post-title\" href=\"https:\/\/gau-jura.de\/?p=1985\">Startlisten Bayrische Meisterschaft Teil 2<\/a><div class=\"wp-block-latest-posts__post-author\">von Harald Bauer<\/div><time datetime=\"2022-06-02T21:26:35+02:00\" class=\"wp-block-latest-posts__post-date\">2. Juni 2022<\/time><div class=\"wp-block-latest-posts__post-excerpt\">Die Limits und Startlisten wurden ver\u00f6ffentlicht. Reklamationen werden nur bearbeitet, wenn diese \u00fcber den Gau eingereicht werden.<\/div><\/li>\n<\/ul><\/div><\/div>\n<\/div><\/div>\n\n\n\n<h3 class=\"wp-block-heading\">Ergebnisse<\/h3>\n\n\n<p>[wpdm_package id=&#8217;169&#8242;]<\/p>\n\n\n<p>[wpdm_package id=&#8217;173&#8242;]<\/p>\n","protected":false},"excerpt":{"rendered":"<p>Meldung zur Gaumeisterschaft Ergebnisse der Gaumeisterschaften (ab GM 2018) Ergebnisse<\/p>\n","protected":false},"author":1,"featured_media":0,"parent":57,"menu_order":0,"comment_status":"closed","ping_status":"closed","template":"","meta":{"footnotes":""},"_links":{"self":[{"href":"https:\/\/gau-jura.de\/index.php?rest_route=\/wp\/v2\/pages\/105"}],"collection":[{"href":"https:\/\/gau-jura.de\/index.php?rest_route=\/wp\/v2\/pages"}],"about":[{"href":"https:\/\/gau-jura.de\/index.php?rest_route=\/wp\/v2\/types\/page"}],"author":[{"embeddable":true,"href":"https:\/\/gau-jura.de\/index.php?rest_route=\/wp\/v2\/users\/1"}],"replies":[{"embeddable":true,"href":"https:\/\/gau-jura.de\/index.php?rest_route=%2Fwp%2Fv2%2Fcomments&post=105"}],"version-history":[{"count":11,"href":"https:\/\/gau-jura.de\/index.php?rest_route=\/wp\/v2\/pages\/105\/revisions"}],"predecessor-version":[{"id":1516,"href":"https:\/\/gau-jura.de\/index.php?rest_route=\/wp\/v2\/pages\/105\/revisions\/1516"}],"up":[{"embeddable":true,"href":"https:\/\/gau-jura.de\/index.php?rest_route=\/wp\/v2\/pages\/57"}],"wp:attachment":[{"href":"https:\/\/gau-jura.de\/index.php?rest_route=%2Fwp%2Fv2%2Fmedia&parent=105"}],"curies":[{"name":"wp","href":"https:\/\/api.w.org\/{rel}","templated":true}]}}